{"id":2200,"date":"2020-03-22T11:20:53","date_gmt":"2020-03-22T10:20:53","guid":{"rendered":"https:\/\/www.ferienwohnungnerja.de\/tillgaenglighet-laegenheter\/"},"modified":"2020-03-25T11:09:11","modified_gmt":"2020-03-25T10:09:11","slug":"tillgaenglighet-laegenheter","status":"publish","type":"page","link":"https:\/\/www.ferienwohnungnerja.de\/sv\/tillgaenglighet-laegenheter\/","title":{"rendered":"Tillg\u00e4nglighet L\u00e4genheter"},"content":{"rendered":"\n<p style=\"font-size:28px\">Appartement La Perla <\/p>\n\n\n\n<div class=\"mphb_sc_availability_calendar-wrapper\">\t<div class=\"mphb-calendar mphb-datepick inlinePicker mphb-calendar--direct-booking\" data-room-type-id=\"2024\" data-monthstoshow=\"2,3\" data-is_show_prices=\"0\" data-is_truncate_prices=\"1\" data-is_show_prices_currency=\"0\" data-first_available_check_in_date=\"2026-05-21\"><\/div>\n\t<\/div>\n\n\n\n<p>I hyran ing\u00e5r handdukar och s\u00e4ngkl\u00e4der samt of\u00f6rutsedda avgifter som vatten + el (f\u00f6rutom luftkonditionering). F\u00f6r slutst\u00e4dning debiterar vi 40 euro. Luftkonditioneringssystemets energif\u00f6rbrukning l\u00e4ss p\u00e5 en separat m\u00e4tare och faktureras till 20 cent\/kw. F\u00f6r l\u00e5ngtidsuthyrning p\u00e5 3 veckor eller mer, v\u00e4nligen beg\u00e4r en offert.<\/p>\n\n\n\n<p style=\"font-size:28px\">Villa Lim\u00f3n<\/p>\n\n\n\n<div class=\"mphb_sc_availability_calendar-wrapper\">\t<div class=\"mphb-calendar mphb-datepick inlinePicker mphb-calendar--direct-booking\" data-room-type-id=\"2026\" data-monthstoshow=\"2,3\" data-is_show_prices=\"0\" data-is_truncate_prices=\"1\" data-is_show_prices_currency=\"0\" data-first_available_check_in_date=\"2026-05-08\"><\/div>\n\t<\/div>\n\n\n\n<p>Villa Limon har \u00e4ven handdukar och s\u00e4ngkl\u00e4der samt of\u00f6rutsedda kostnader som vatten + el (f\u00f6rutom luftkonditionering). F\u00f6r slutst\u00e4dning debiterar vi 50 euro. Luftkonditioneringssystemets energif\u00f6rbrukning faktureras till 20 cent\/kw och l\u00e4ss p\u00e5 en separat m\u00e4tare.<\/p>\n","protected":false},"excerpt":{"rendered":"<p>Appartement La Perla I hyran ing\u00e5r handdukar och s\u00e4ngkl\u00e4der samt of\u00f6rutsedda avgifter som vatten + el (f\u00f6rutom luftkonditionering). F\u00f6r slutst\u00e4dning debiterar vi 40 euro. Luftkonditioneringssystemets energif\u00f6rbrukning l\u00e4ss p\u00e5 en separat m\u00e4tare och faktureras till 20 cent\/kw. F\u00f6r l\u00e5ngtidsuthyrning p\u00e5 3 veckor eller mer, v\u00e4nligen beg\u00e4r en offert. Villa Lim\u00f3n Villa Limon har \u00e4ven handdukar och &hellip; <a href=\"https:\/\/www.ferienwohnungnerja.de\/sv\/tillgaenglighet-laegenheter\/\" class=\"more-link\">Continue reading<span class=\"screen-reader-text\"> &#8220;Tillg\u00e4nglighet L\u00e4genheter&#8221;<\/span><\/a><\/p>\n","protected":false},"author":1,"featured_media":2072,"parent":0,"menu_order":0,"comment_status":"closed","ping_status":"closed","template":"","meta":{"jetpack_post_was_ever_published":false,"footnotes":""},"class_list":["post-2200","page","type-page","status-publish","has-post-thumbnail","hentry"],"yoast_head":"<!-- This site is optimized with the Yoast SEO plugin v26.9 - https:\/\/yoast.com\/product\/yoast-seo-wordpress\/ -->\n<title>Tillg\u00e4nglighet L\u00e4genheter Nerja och onlinebokning<\/title>\n<meta name=\"description\" content=\"Om du vill boka bindningsbok skickar vi ett hyresavtal till dig. P\u00e5 plats kommer vi att ta emot dig personligen och ge dig en genomg\u00e5ng.\" \/>\n<meta name=\"robots\" content=\"index, follow, max-snippet:-1, max-image-preview:large, max-video-preview:-1\" \/>\n<link rel=\"canonical\" href=\"https:\/\/www.ferienwohnungnerja.de\/sv\/tillgaenglighet-laegenheter\/\" \/>\n<meta property=\"og:locale\" content=\"sv_SE\" \/>\n<meta property=\"og:type\" content=\"article\" \/>\n<meta property=\"og:title\" content=\"Tillg\u00e4nglighet L\u00e4genheter Nerja och onlinebokning\" \/>\n<meta property=\"og:description\" content=\"Om du vill boka bindningsbok skickar vi ett hyresavtal till dig. P\u00e5 plats kommer vi att ta emot dig personligen och ge dig en genomg\u00e5ng.\" \/>\n<meta property=\"og:url\" content=\"https:\/\/www.ferienwohnungnerja.de\/sv\/tillgaenglighet-laegenheter\/\" \/>\n<meta property=\"og:site_name\" content=\"ferienwohnungnerja.de\" \/>\n<meta property=\"article:modified_time\" content=\"2020-03-25T10:09:11+00:00\" \/>\n<meta property=\"og:image\" content=\"https:\/\/i1.wp.com\/www.ferienwohnungnerja.de\/wp-content\/uploads\/2019\/08\/bg7.jpg?fit=1900%2C1258&ssl=1\" \/>\n\t<meta property=\"og:image:width\" content=\"1900\" \/>\n\t<meta property=\"og:image:height\" content=\"1258\" \/>\n\t<meta property=\"og:image:type\" content=\"image\/jpeg\" \/>\n<meta name=\"twitter:card\" content=\"summary_large_image\" \/>\n<meta name=\"twitter:label1\" content=\"Ber\u00e4knad l\u00e4stid\" \/>\n\t<meta name=\"twitter:data1\" content=\"1 minut\" \/>\n<script type=\"application\/ld+json\" class=\"yoast-schema-graph\">{\"@context\":\"https:\/\/schema.org\",\"@graph\":[{\"@type\":\"WebPage\",\"@id\":\"https:\/\/www.ferienwohnungnerja.de\/sv\/tillgaenglighet-laegenheter\/\",\"url\":\"https:\/\/www.ferienwohnungnerja.de\/sv\/tillgaenglighet-laegenheter\/\",\"name\":\"Tillg\u00e4nglighet L\u00e4genheter Nerja och onlinebokning\",\"isPartOf\":{\"@id\":\"https:\/\/www.ferienwohnungnerja.de\/sv\/#website\"},\"primaryImageOfPage\":{\"@id\":\"https:\/\/www.ferienwohnungnerja.de\/sv\/tillgaenglighet-laegenheter\/#primaryimage\"},\"image\":{\"@id\":\"https:\/\/www.ferienwohnungnerja.de\/sv\/tillgaenglighet-laegenheter\/#primaryimage\"},\"thumbnailUrl\":\"https:\/\/i0.wp.com\/www.ferienwohnungnerja.de\/wp-content\/uploads\/2019\/08\/bg7.jpg?fit=1900%2C1258&ssl=1\",\"datePublished\":\"2020-03-22T10:20:53+00:00\",\"dateModified\":\"2020-03-25T10:09:11+00:00\",\"description\":\"Om du vill boka bindningsbok skickar vi ett hyresavtal till dig. P\u00e5 plats kommer vi att ta emot dig personligen och ge dig en genomg\u00e5ng.\",\"breadcrumb\":{\"@id\":\"https:\/\/www.ferienwohnungnerja.de\/sv\/tillgaenglighet-laegenheter\/#breadcrumb\"},\"inLanguage\":\"sv-SE\",\"potentialAction\":[{\"@type\":\"ReadAction\",\"target\":[\"https:\/\/www.ferienwohnungnerja.de\/sv\/tillgaenglighet-laegenheter\/\"]}]},{\"@type\":\"ImageObject\",\"inLanguage\":\"sv-SE\",\"@id\":\"https:\/\/www.ferienwohnungnerja.de\/sv\/tillgaenglighet-laegenheter\/#primaryimage\",\"url\":\"https:\/\/i0.wp.com\/www.ferienwohnungnerja.de\/wp-content\/uploads\/2019\/08\/bg7.jpg?fit=1900%2C1258&ssl=1\",\"contentUrl\":\"https:\/\/i0.wp.com\/www.ferienwohnungnerja.de\/wp-content\/uploads\/2019\/08\/bg7.jpg?fit=1900%2C1258&ssl=1\",\"width\":1900,\"height\":1258,\"caption\":\"Visa San Juan de Capistrano\"},{\"@type\":\"BreadcrumbList\",\"@id\":\"https:\/\/www.ferienwohnungnerja.de\/sv\/tillgaenglighet-laegenheter\/#breadcrumb\",\"itemListElement\":[{\"@type\":\"ListItem\",\"position\":1,\"name\":\"Startseite\",\"item\":\"https:\/\/www.ferienwohnungnerja.de\/sv\/\"},{\"@type\":\"ListItem\",\"position\":2,\"name\":\"Tillg\u00e4nglighet L\u00e4genheter\"}]},{\"@type\":\"WebSite\",\"@id\":\"https:\/\/www.ferienwohnungnerja.de\/sv\/#website\",\"url\":\"https:\/\/www.ferienwohnungnerja.de\/sv\/\",\"name\":\"ferienwohnungnerja.de\",\"description\":\"Ferienwohnungen in Nerja\",\"publisher\":{\"@id\":\"https:\/\/www.ferienwohnungnerja.de\/sv\/#\/schema\/person\/16748c9dad4472e47ffa70599fb57c67\"},\"potentialAction\":[{\"@type\":\"SearchAction\",\"target\":{\"@type\":\"EntryPoint\",\"urlTemplate\":\"https:\/\/www.ferienwohnungnerja.de\/sv\/?s={search_term_string}\"},\"query-input\":{\"@type\":\"PropertyValueSpecification\",\"valueRequired\":true,\"valueName\":\"search_term_string\"}}],\"inLanguage\":\"sv-SE\"},{\"@type\":[\"Person\",\"Organization\"],\"@id\":\"https:\/\/www.ferienwohnungnerja.de\/sv\/#\/schema\/person\/16748c9dad4472e47ffa70599fb57c67\",\"name\":\"adminnerja\",\"image\":{\"@type\":\"ImageObject\",\"inLanguage\":\"sv-SE\",\"@id\":\"https:\/\/www.ferienwohnungnerja.de\/sv\/#\/schema\/person\/image\/\",\"url\":\"https:\/\/secure.gravatar.com\/avatar\/385c6b5598370fe7b91dd03c855835170a55d4467846df8e92d47236c59f2036?s=96&d=mm&r=g\",\"contentUrl\":\"https:\/\/secure.gravatar.com\/avatar\/385c6b5598370fe7b91dd03c855835170a55d4467846df8e92d47236c59f2036?s=96&d=mm&r=g\",\"caption\":\"adminnerja\"},\"logo\":{\"@id\":\"https:\/\/www.ferienwohnungnerja.de\/sv\/#\/schema\/person\/image\/\"}}]}<\/script>\n<!-- \/ Yoast SEO plugin. -->","yoast_head_json":{"title":"Tillg\u00e4nglighet L\u00e4genheter Nerja och onlinebokning","description":"Om du vill boka bindningsbok skickar vi ett hyresavtal till dig. P\u00e5 plats kommer vi att ta emot dig personligen och ge dig en genomg\u00e5ng.","robots":{"index":"index","follow":"follow","max-snippet":"max-snippet:-1","max-image-preview":"max-image-preview:large","max-video-preview":"max-video-preview:-1"},"canonical":"https:\/\/www.ferienwohnungnerja.de\/sv\/tillgaenglighet-laegenheter\/","og_locale":"sv_SE","og_type":"article","og_title":"Tillg\u00e4nglighet L\u00e4genheter Nerja och onlinebokning","og_description":"Om du vill boka bindningsbok skickar vi ett hyresavtal till dig. P\u00e5 plats kommer vi att ta emot dig personligen och ge dig en genomg\u00e5ng.","og_url":"https:\/\/www.ferienwohnungnerja.de\/sv\/tillgaenglighet-laegenheter\/","og_site_name":"ferienwohnungnerja.de","article_modified_time":"2020-03-25T10:09:11+00:00","og_image":[{"width":1900,"height":1258,"url":"https:\/\/i1.wp.com\/www.ferienwohnungnerja.de\/wp-content\/uploads\/2019\/08\/bg7.jpg?fit=1900%2C1258&ssl=1","type":"image\/jpeg"}],"twitter_card":"summary_large_image","twitter_misc":{"Ber\u00e4knad l\u00e4stid":"1 minut"},"schema":{"@context":"https:\/\/schema.org","@graph":[{"@type":"WebPage","@id":"https:\/\/www.ferienwohnungnerja.de\/sv\/tillgaenglighet-laegenheter\/","url":"https:\/\/www.ferienwohnungnerja.de\/sv\/tillgaenglighet-laegenheter\/","name":"Tillg\u00e4nglighet L\u00e4genheter Nerja och onlinebokning","isPartOf":{"@id":"https:\/\/www.ferienwohnungnerja.de\/sv\/#website"},"primaryImageOfPage":{"@id":"https:\/\/www.ferienwohnungnerja.de\/sv\/tillgaenglighet-laegenheter\/#primaryimage"},"image":{"@id":"https:\/\/www.ferienwohnungnerja.de\/sv\/tillgaenglighet-laegenheter\/#primaryimage"},"thumbnailUrl":"https:\/\/i0.wp.com\/www.ferienwohnungnerja.de\/wp-content\/uploads\/2019\/08\/bg7.jpg?fit=1900%2C1258&ssl=1","datePublished":"2020-03-22T10:20:53+00:00","dateModified":"2020-03-25T10:09:11+00:00","description":"Om du vill boka bindningsbok skickar vi ett hyresavtal till dig. P\u00e5 plats kommer vi att ta emot dig personligen och ge dig en genomg\u00e5ng.","breadcrumb":{"@id":"https:\/\/www.ferienwohnungnerja.de\/sv\/tillgaenglighet-laegenheter\/#breadcrumb"},"inLanguage":"sv-SE","potentialAction":[{"@type":"ReadAction","target":["https:\/\/www.ferienwohnungnerja.de\/sv\/tillgaenglighet-laegenheter\/"]}]},{"@type":"ImageObject","inLanguage":"sv-SE","@id":"https:\/\/www.ferienwohnungnerja.de\/sv\/tillgaenglighet-laegenheter\/#primaryimage","url":"https:\/\/i0.wp.com\/www.ferienwohnungnerja.de\/wp-content\/uploads\/2019\/08\/bg7.jpg?fit=1900%2C1258&ssl=1","contentUrl":"https:\/\/i0.wp.com\/www.ferienwohnungnerja.de\/wp-content\/uploads\/2019\/08\/bg7.jpg?fit=1900%2C1258&ssl=1","width":1900,"height":1258,"caption":"Visa San Juan de Capistrano"},{"@type":"BreadcrumbList","@id":"https:\/\/www.ferienwohnungnerja.de\/sv\/tillgaenglighet-laegenheter\/#breadcrumb","itemListElement":[{"@type":"ListItem","position":1,"name":"Startseite","item":"https:\/\/www.ferienwohnungnerja.de\/sv\/"},{"@type":"ListItem","position":2,"name":"Tillg\u00e4nglighet L\u00e4genheter"}]},{"@type":"WebSite","@id":"https:\/\/www.ferienwohnungnerja.de\/sv\/#website","url":"https:\/\/www.ferienwohnungnerja.de\/sv\/","name":"ferienwohnungnerja.de","description":"Ferienwohnungen in Nerja","publisher":{"@id":"https:\/\/www.ferienwohnungnerja.de\/sv\/#\/schema\/person\/16748c9dad4472e47ffa70599fb57c67"},"potentialAction":[{"@type":"SearchAction","target":{"@type":"EntryPoint","urlTemplate":"https:\/\/www.ferienwohnungnerja.de\/sv\/?s={search_term_string}"},"query-input":{"@type":"PropertyValueSpecification","valueRequired":true,"valueName":"search_term_string"}}],"inLanguage":"sv-SE"},{"@type":["Person","Organization"],"@id":"https:\/\/www.ferienwohnungnerja.de\/sv\/#\/schema\/person\/16748c9dad4472e47ffa70599fb57c67","name":"adminnerja","image":{"@type":"ImageObject","inLanguage":"sv-SE","@id":"https:\/\/www.ferienwohnungnerja.de\/sv\/#\/schema\/person\/image\/","url":"https:\/\/secure.gravatar.com\/avatar\/385c6b5598370fe7b91dd03c855835170a55d4467846df8e92d47236c59f2036?s=96&d=mm&r=g","contentUrl":"https:\/\/secure.gravatar.com\/avatar\/385c6b5598370fe7b91dd03c855835170a55d4467846df8e92d47236c59f2036?s=96&d=mm&r=g","caption":"adminnerja"},"logo":{"@id":"https:\/\/www.ferienwohnungnerja.de\/sv\/#\/schema\/person\/image\/"}}]}},"jetpack_sharing_enabled":true,"jetpack_shortlink":"https:\/\/wp.me\/PbaoeD-zu","_links":{"self":[{"href":"https:\/\/www.ferienwohnungnerja.de\/sv\/wp-json\/wp\/v2\/pages\/2200","targetHints":{"allow":["GET"]}}],"collection":[{"href":"https:\/\/www.ferienwohnungnerja.de\/sv\/wp-json\/wp\/v2\/pages"}],"about":[{"href":"https:\/\/www.ferienwohnungnerja.de\/sv\/wp-json\/wp\/v2\/types\/page"}],"author":[{"embeddable":true,"href":"https:\/\/www.ferienwohnungnerja.de\/sv\/wp-json\/wp\/v2\/users\/1"}],"replies":[{"embeddable":true,"href":"https:\/\/www.ferienwohnungnerja.de\/sv\/wp-json\/wp\/v2\/comments?post=2200"}],"version-history":[{"count":5,"href":"https:\/\/www.ferienwohnungnerja.de\/sv\/wp-json\/wp\/v2\/pages\/2200\/revisions"}],"predecessor-version":[{"id":2258,"href":"https:\/\/www.ferienwohnungnerja.de\/sv\/wp-json\/wp\/v2\/pages\/2200\/revisions\/2258"}],"wp:featuredmedia":[{"embeddable":true,"href":"https:\/\/www.ferienwohnungnerja.de\/sv\/wp-json\/wp\/v2\/media\/2072"}],"wp:attachment":[{"href":"https:\/\/www.ferienwohnungnerja.de\/sv\/wp-json\/wp\/v2\/media?parent=2200"}],"curies":[{"name":"wp","href":"https:\/\/api.w.org\/{rel}","templated":true}]}}