{"id":2264,"date":"2020-03-25T11:44:26","date_gmt":"2020-03-25T10:44:26","guid":{"rendered":"https:\/\/www.ferienwohnungnerja.de\/sekretesspolicy\/"},"modified":"2020-03-25T19:50:24","modified_gmt":"2020-03-25T18:50:24","slug":"sekretesspolicy","status":"publish","type":"page","link":"https:\/\/www.ferienwohnungnerja.de\/sv\/sekretesspolicy\/","title":{"rendered":"Sekretesspolicy"},"content":{"rendered":"<p>Det ansvariga organet i den mening som avses i dataskyddslagar, s\u00e4rskilt EU:s allm\u00e4nna dataskyddsf\u00f6rordning (GDPR), \u00e4r f\u00f6ljande:<\/p>\n<p>Thomas Hillekamp<\/p>\n<h2>Dina r\u00e4ttigheter att p\u00e5verkas<\/h2>\n<p>Enligt de kontaktuppgifter som tillhandah\u00e5lls av v\u00e5rt dataskyddsombud kan du n\u00e4r som helst ut\u00f6va f\u00f6ljande r\u00e4ttigheter:<\/p>\n<ul>\n<li style=\"list-style-type: none;\">\n<ul>\n<li>Information om dina uppgifter som lagras av oss och deras behandling,<\/li>\n<li>R\u00e4ttelse av felaktiga personuppgifter.<\/li>\n<li>Radering av dina uppgifter som lagras av oss,<\/li>\n<li>Begr\u00e4nsning av databehandling, om vi \u00e4nnu inte har r\u00e4tt att radera dina uppgifter p\u00e5 grund av r\u00e4ttsliga skyldigheter,<\/li>\n<li>inv\u00e4ndning mot behandlingen av dina uppgifter hos oss och<\/li>\n<\/ul>\n<\/li>\n<\/ul>\n<ul>\n<li class=\"impressum\">dataportabilitet, om du har samtyckt till databehandlingen eller har ing\u00e5tt ett avtal med oss.<\/li>\n<\/ul>\n<p>Om du har gett oss ditt samtycke kan du \u00e5terkalla det n\u00e4r som helst med verkan f\u00f6r framtiden.<\/p>\n<p>Du kan n\u00e4r som helst kontakta den tillsynsmyndighet som ansvarar f\u00f6r dig med ett klagom\u00e5l. Din beh\u00f6riga tillsynsmyndighet \u00e4r beroende av tillst\u00e5ndet f\u00f6r din bostad, ditt arbete eller den p\u00e5st\u00e5dda \u00f6vertr\u00e4delsen. En f\u00f6rteckning \u00f6ver tillsynsmyndigheter (f\u00f6r den icke-offentliga sektorn) med adress finns p\u00e5: <a href=\"https:\/\/www.bfdi.bund.de\/DE\/Infothek\/Anschriften_Links\/anschriften_links-node.html\" target=\"_blank\" rel=\"noopener noreferrer\">https:\/\/www.bfdi.bund.de\/DE\/Infothek\/Anschriften_Links\/anschriften_links-node.html<\/a>.<\/p>\n<h2>databehandling av det ansvariga organet och tredje man<\/h2>\n<p>Vi behandlar dina personuppgifter endast f\u00f6r de \u00e4ndam\u00e5l som anges i denna sekretesspolicy. Dina personuppgifter kommer inte att \u00f6verf\u00f6ras till tredje part f\u00f6r andra \u00e4ndam\u00e5l \u00e4n de som n\u00e4mns. Vi kommer endast att dela dina personuppgifter med tredje part om:<\/p>\n<ul>\n<li>du har gett ditt uttryckliga samtycke till att g\u00f6ra det,<\/li>\n<li>behandling kr\u00e4vs f\u00f6r att genomf\u00f6ra ett avtal med dig,<\/li>\n<li>behandlingen \u00e4r n\u00f6dv\u00e4ndig f\u00f6r att uppfylla en r\u00e4ttslig skyldighet,<\/li>\n<\/ul>\n<p>behandling \u00e4r n\u00f6dv\u00e4ndig f\u00f6r att skydda legitima intressen och det finns ingen anledning att tro att du har ett \u00f6verv\u00e4gande ber\u00e4ttigat intresse av att inte avsl\u00f6ja dina uppgifter.<\/p>\n<h2>Radering eller blockering av data<\/h2>\n<p>Vi f\u00f6ljer principerna om dataundvikande och dataekonomi. Vi lagrar d\u00e4rf\u00f6r endast dina personuppgifter s\u00e5 l\u00e4nge som det \u00e4r n\u00f6dv\u00e4ndigt f\u00f6r att uppn\u00e5 de \u00e4ndam\u00e5l som anges h\u00e4ri eller som f\u00f6reskrivs av de olika lagringsperioder som f\u00f6reskrivs av lagstiftaren. Efter det att respektive syfte har l\u00f6pt ut eller om dessa tidsfrister har l\u00f6pt ut kommer motsvarande uppgifter att blockeras eller raderas rutinm\u00e4ssigt och i enlighet med de lagstadgade best\u00e4mmelserna.<\/p>\n<h2>Insamling av allm\u00e4n information n\u00e4r du bes\u00f6ker v\u00e5r webbplats<\/h2>\n<p>N\u00e4r du bes\u00f6ker v\u00e5r webbplats samlas information av allm\u00e4n karakt\u00e4r automatiskt in via en cookie. Den h\u00e4r informationen (serverloggfiler) omfattar till exempel vilken typ av webbl\u00e4sare, vilket operativsystem som anv\u00e4nds, internetleverant\u00f6rens dom\u00e4nnamn och liknande. Detta \u00e4r bara information som inte till\u00e5ter slutsatser att dra om dig.<\/p>\n<p>Denna information \u00e4r tekniskt n\u00f6dv\u00e4ndig f\u00f6r att leverera inneh\u00e5ll fr\u00e5n webbplatser som du har beg\u00e4rt korrekt och \u00e4r obligatorisk n\u00e4r du anv\u00e4nder Internet. De behandlas s\u00e4rskilt f\u00f6r f\u00f6ljande \u00e4ndam\u00e5l:<\/p>\n<ul>\n<li>S\u00e4kerst\u00e4lla en problemfri anslutning av webbplatsen,<\/li>\n<li>Se till att v\u00e5r webbplats anv\u00e4nds p\u00e5 ett smidigt s\u00e4tt,<\/li>\n<li>utv\u00e4rdering av systems\u00e4kerhet och stabilitet samt<\/li>\n<li>f\u00f6r andra administrativa \u00e4ndam\u00e5l.<\/li>\n<\/ul>\n<p>Behandlingen av dina personuppgifter baseras p\u00e5 v\u00e5rt ber\u00e4ttigade intresse f\u00f6r ovann\u00e4mnda \u00e4ndam\u00e5l f\u00f6r datainsamling. Vi anv\u00e4nder inte dina uppgifter f\u00f6r att dra slutsatser om dig. Mottagarna av uppgifterna \u00e4r endast det ansvariga organet och, i f\u00f6rekommande fall, behandlare.<\/p>\n<p>Anonym information av detta slag kan tillhandah\u00e5llas av oss. statistiskt utv\u00e4rderas f\u00f6r att optimera v\u00e5r hemsida och tekniken bakom den.<\/p>\n<h2>Tillhandah\u00e5llande av betaltj\u00e4nster<\/h2>\n<p>F\u00f6r att tillhandah\u00e5lla betalda tj\u00e4nster beg\u00e4r vi ytterligare uppgifter, till exempel betalningsuppgifter, f\u00f6r att kunna utf\u00f6ra din best\u00e4llning. Vi lagrar dessa uppgifter i v\u00e5ra system tills de lagstadgade lagringsperioderna har l\u00f6pt ut.<\/p>\n<h2>Kontakta<\/h2>\n<p>Om du kontaktar oss via e-post eller kontaktformul\u00e4r f\u00f6r fr\u00e5gor, v\u00e4nligen ge oss ditt frivilliga samtycke i syfte att kontakta oss. Detta kr\u00e4ver en giltig e-postadress. Detta anv\u00e4nds f\u00f6r att tilldela beg\u00e4ran och sedan svara p\u00e5 den. Det \u00e4r valfritt att ange ytterligare data. Den information du l\u00e4mnar kommer att lagras i syfte att behandla beg\u00e4ran samt f\u00f6r eventuella f\u00f6ljdfr\u00e5gor. N\u00e4r du har slutf\u00f6rt den beg\u00e4ran du har gjort raderas personuppgifter automatiskt.<\/p>\n<h2>Anv\u00e4nda Google Analytics<\/h2>\n<p>Den h\u00e4r webbplatsen anv\u00e4nder Google Analytics, en webbanalystj\u00e4nst som tillhandah\u00e5lls av Google Inc. (f\u00f6ljande: Google). Google Analytics anv\u00e4nder s\u00e5 kallade &#8220;cookies&#8221;, det vill s\u00e4ga textfiler som lagras p\u00e5 din dator och som m\u00f6jligg\u00f6r en analys av din anv\u00e4ndning av webbplatsen. Den information som genereras av cookien om din anv\u00e4ndning av denna webbplats \u00f6verf\u00f6rs vanligtvis till en Google-server i USA och lagras d\u00e4r. P\u00e5 grund av aktiveringen av IP-anonymisering p\u00e5 dessa webbplatser kommer din IP-adress dock att trunkeras av Google inom EU:s medlemsstater eller i andra upphandlande stater i avtalet om Europeiska ekonomiska samarbetsomr\u00e5det. Endast i undantagsfall kommer den fullst\u00e4ndiga IP-adressen att \u00f6verf\u00f6ras till en Google-server i USA och trunkeras d\u00e4r. P\u00e5 uppdrag av operat\u00f6ren av denna webbplats kommer Google att anv\u00e4nda denna information f\u00f6r att utv\u00e4rdera din anv\u00e4ndning av webbplatsen, sammanst\u00e4lla rapporter om webbplatsaktivitet och andra tj\u00e4nster relaterade till webbplats- och internetanv\u00e4ndning. webbplatsoperat\u00f6ren. DEN IP-adress som \u00f6verf\u00f6rs av din webbl\u00e4sare inom ramen f\u00f6r Google Analytics kommer inte att sl\u00e5s samman med andra data fr\u00e5n Google.<\/p>\n<p>Syftet med databehandlingen \u00e4r utv\u00e4rderingen av anv\u00e4ndningen av webbplatsen och sammanst\u00e4llningen av rapporter om aktiviteter p\u00e5 webbplatsen. P\u00e5 grundval av anv\u00e4ndningen av webbplatsen och Internet kommer ytterligare relaterade tj\u00e4nster att tillhandah\u00e5llas. Behandlingen baseras p\u00e5 webbplatsoperat\u00f6rens ber\u00e4ttigade intresse.<\/p>\n<p>Du kan f\u00f6rhindra lagring av cookies genom att st\u00e4lla in din webbl\u00e4sares programvara i enlighet med detta; Vi vill dock p\u00e5peka att du i detta fall kanske inte kan anv\u00e4nda alla funktioner p\u00e5 denna webbplats i full utstr\u00e4ckning. Du kan ocks\u00e5 f\u00f6rhindra insamling av data som genereras av cookien och som \u00e4r relaterade till din anv\u00e4ndning av webbplatsen (inklusive din IP-adress) till Google och behandlingen av dessa data av Google med hj\u00e4lp av f\u00f6ljande l\u00e4nk: Ladda ner och installera plugin-program f\u00f6r webbl\u00e4saren: <a href=\"http:\/\/tools.google.com\/dlpage\/gaoptout?hl=de\" target=\"_blank\" rel=\"noopener noreferrer\">L\u00e4gg till<\/a>i webbl\u00e4saren f\u00f6r att inaktivera Google Analytics .<\/p>\n<p>Dessutom eller som ett alternativ till webbl\u00e4sartill\u00e4gget kan du f\u00f6rhindra sp\u00e5rning av Google Analytics p\u00e5 v\u00e5ra sidor genom <a title=\"Google Analytics Opt-Out Cookie\" href=\"https:\/\/www.activemind.de\/datenschutz\/\">att klicka p\u00e5 denna l\u00e4nk<\/a>. Detta kommer att installera en opt-out cookie p\u00e5 din enhet. Detta f\u00f6rhindrar Google Analytics insamling f\u00f6r denna webbplats och f\u00f6r den h\u00e4r webbl\u00e4saren i framtiden, s\u00e5 l\u00e4nge cookien \u00e4r installerad i din webbl\u00e4sare.<\/p>\n<h2><strong>\u00c4ndring av v\u00e5r integritetspolicy<\/strong><\/h2>\n<p>Vi f\u00f6rbeh\u00e5ller oss r\u00e4tten att anpassa denna sekretesspolicy s\u00e5 att den alltid uppfyller g\u00e4llande juridiska krav eller att implementera \u00e4ndringar av v\u00e5ra tj\u00e4nster i sekretesspolicyn, till exempel n\u00e4r vi introducerar nya tj\u00e4nster. Den nya dataskyddsdeklarationen g\u00e4ller f\u00f6r ditt \u00e5terbes\u00f6k.<\/p>\n<h2><strong>Fr\u00e5gor till datatillsynsmannen<\/strong><\/h2>\n<p>Om du har n\u00e5gra fr\u00e5gor om dataskydd, v\u00e4nligen skicka oss ett e-postmeddelande eller kontakta den person som ansvarar f\u00f6r dataskydd i v\u00e5r organisation direkt:<\/p>\n<p>Thomas Hillekamp<br \/>\nPaseo Tamango Hill 1<br \/>\nE 23793 Torrox<\/p>\n","protected":false},"excerpt":{"rendered":"<p>Det ansvariga organet i den mening som avses i dataskyddslagar, s\u00e4rskilt EU:s allm\u00e4nna dataskyddsf\u00f6rordning (GDPR), \u00e4r f\u00f6ljande: Thomas Hillekamp Dina r\u00e4ttigheter att p\u00e5verkas Enligt de kontaktuppgifter som tillhandah\u00e5lls av v\u00e5rt dataskyddsombud kan du n\u00e4r som helst ut\u00f6va f\u00f6ljande r\u00e4ttigheter: Information om dina uppgifter som lagras av oss och deras behandling, R\u00e4ttelse av felaktiga personuppgifter. Radering &hellip; <a href=\"https:\/\/www.ferienwohnungnerja.de\/sv\/sekretesspolicy\/\" class=\"more-link\">Continue reading<span class=\"screen-reader-text\"> &#8220;Sekretesspolicy&#8221;<\/span><\/a><\/p>\n","protected":false},"author":1,"featured_media":0,"parent":0,"menu_order":0,"comment_status":"closed","ping_status":"closed","template":"","meta":{"jetpack_post_was_ever_published":false,"footnotes":""},"class_list":["post-2264","page","type-page","status-publish","hentry"],"yoast_head":"<!-- This site is optimized with the Yoast SEO plugin v26.9 - https:\/\/yoast.com\/product\/yoast-seo-wordpress\/ -->\n<title>Sekretesspolicy - ferienwohnungnerja.de<\/title>\n<meta name=\"description\" content=\"Sekretesspolicyn f\u00f6r ferienwohnungnerja.de\" \/>\n<meta name=\"robots\" content=\"index, follow, max-snippet:-1, max-image-preview:large, max-video-preview:-1\" \/>\n<link rel=\"canonical\" href=\"https:\/\/www.ferienwohnungnerja.de\/sv\/sekretesspolicy\/\" \/>\n<meta property=\"og:locale\" content=\"sv_SE\" \/>\n<meta property=\"og:type\" content=\"article\" \/>\n<meta property=\"og:title\" content=\"Sekretesspolicy - ferienwohnungnerja.de\" \/>\n<meta property=\"og:description\" content=\"Sekretesspolicyn f\u00f6r ferienwohnungnerja.de\" \/>\n<meta property=\"og:url\" content=\"https:\/\/www.ferienwohnungnerja.de\/sv\/sekretesspolicy\/\" \/>\n<meta property=\"og:site_name\" content=\"ferienwohnungnerja.de\" \/>\n<meta property=\"article:modified_time\" content=\"2020-03-25T18:50:24+00:00\" \/>\n<meta name=\"twitter:card\" content=\"summary_large_image\" \/>\n<meta name=\"twitter:label1\" content=\"Ber\u00e4knad l\u00e4stid\" \/>\n\t<meta name=\"twitter:data1\" content=\"6 minuter\" \/>\n<script type=\"application\/ld+json\" class=\"yoast-schema-graph\">{\"@context\":\"https:\/\/schema.org\",\"@graph\":[{\"@type\":\"WebPage\",\"@id\":\"https:\/\/www.ferienwohnungnerja.de\/sv\/sekretesspolicy\/\",\"url\":\"https:\/\/www.ferienwohnungnerja.de\/sv\/sekretesspolicy\/\",\"name\":\"Sekretesspolicy - ferienwohnungnerja.de\",\"isPartOf\":{\"@id\":\"https:\/\/www.ferienwohnungnerja.de\/sv\/#website\"},\"datePublished\":\"2020-03-25T10:44:26+00:00\",\"dateModified\":\"2020-03-25T18:50:24+00:00\",\"description\":\"Sekretesspolicyn f\u00f6r ferienwohnungnerja.de\",\"breadcrumb\":{\"@id\":\"https:\/\/www.ferienwohnungnerja.de\/sv\/sekretesspolicy\/#breadcrumb\"},\"inLanguage\":\"sv-SE\",\"potentialAction\":[{\"@type\":\"ReadAction\",\"target\":[\"https:\/\/www.ferienwohnungnerja.de\/sv\/sekretesspolicy\/\"]}]},{\"@type\":\"BreadcrumbList\",\"@id\":\"https:\/\/www.ferienwohnungnerja.de\/sv\/sekretesspolicy\/#breadcrumb\",\"itemListElement\":[{\"@type\":\"ListItem\",\"position\":1,\"name\":\"Startseite\",\"item\":\"https:\/\/www.ferienwohnungnerja.de\/sv\/\"},{\"@type\":\"ListItem\",\"position\":2,\"name\":\"Sekretesspolicy\"}]},{\"@type\":\"WebSite\",\"@id\":\"https:\/\/www.ferienwohnungnerja.de\/sv\/#website\",\"url\":\"https:\/\/www.ferienwohnungnerja.de\/sv\/\",\"name\":\"ferienwohnungnerja.de\",\"description\":\"Ferienwohnungen in Nerja\",\"publisher\":{\"@id\":\"https:\/\/www.ferienwohnungnerja.de\/sv\/#\/schema\/person\/16748c9dad4472e47ffa70599fb57c67\"},\"potentialAction\":[{\"@type\":\"SearchAction\",\"target\":{\"@type\":\"EntryPoint\",\"urlTemplate\":\"https:\/\/www.ferienwohnungnerja.de\/sv\/?s={search_term_string}\"},\"query-input\":{\"@type\":\"PropertyValueSpecification\",\"valueRequired\":true,\"valueName\":\"search_term_string\"}}],\"inLanguage\":\"sv-SE\"},{\"@type\":[\"Person\",\"Organization\"],\"@id\":\"https:\/\/www.ferienwohnungnerja.de\/sv\/#\/schema\/person\/16748c9dad4472e47ffa70599fb57c67\",\"name\":\"adminnerja\",\"image\":{\"@type\":\"ImageObject\",\"inLanguage\":\"sv-SE\",\"@id\":\"https:\/\/www.ferienwohnungnerja.de\/sv\/#\/schema\/person\/image\/\",\"url\":\"https:\/\/secure.gravatar.com\/avatar\/385c6b5598370fe7b91dd03c855835170a55d4467846df8e92d47236c59f2036?s=96&d=mm&r=g\",\"contentUrl\":\"https:\/\/secure.gravatar.com\/avatar\/385c6b5598370fe7b91dd03c855835170a55d4467846df8e92d47236c59f2036?s=96&d=mm&r=g\",\"caption\":\"adminnerja\"},\"logo\":{\"@id\":\"https:\/\/www.ferienwohnungnerja.de\/sv\/#\/schema\/person\/image\/\"}}]}<\/script>\n<!-- \/ Yoast SEO plugin. -->","yoast_head_json":{"title":"Sekretesspolicy - ferienwohnungnerja.de","description":"Sekretesspolicyn f\u00f6r ferienwohnungnerja.de","robots":{"index":"index","follow":"follow","max-snippet":"max-snippet:-1","max-image-preview":"max-image-preview:large","max-video-preview":"max-video-preview:-1"},"canonical":"https:\/\/www.ferienwohnungnerja.de\/sv\/sekretesspolicy\/","og_locale":"sv_SE","og_type":"article","og_title":"Sekretesspolicy - ferienwohnungnerja.de","og_description":"Sekretesspolicyn f\u00f6r ferienwohnungnerja.de","og_url":"https:\/\/www.ferienwohnungnerja.de\/sv\/sekretesspolicy\/","og_site_name":"ferienwohnungnerja.de","article_modified_time":"2020-03-25T18:50:24+00:00","twitter_card":"summary_large_image","twitter_misc":{"Ber\u00e4knad l\u00e4stid":"6 minuter"},"schema":{"@context":"https:\/\/schema.org","@graph":[{"@type":"WebPage","@id":"https:\/\/www.ferienwohnungnerja.de\/sv\/sekretesspolicy\/","url":"https:\/\/www.ferienwohnungnerja.de\/sv\/sekretesspolicy\/","name":"Sekretesspolicy - ferienwohnungnerja.de","isPartOf":{"@id":"https:\/\/www.ferienwohnungnerja.de\/sv\/#website"},"datePublished":"2020-03-25T10:44:26+00:00","dateModified":"2020-03-25T18:50:24+00:00","description":"Sekretesspolicyn f\u00f6r ferienwohnungnerja.de","breadcrumb":{"@id":"https:\/\/www.ferienwohnungnerja.de\/sv\/sekretesspolicy\/#breadcrumb"},"inLanguage":"sv-SE","potentialAction":[{"@type":"ReadAction","target":["https:\/\/www.ferienwohnungnerja.de\/sv\/sekretesspolicy\/"]}]},{"@type":"BreadcrumbList","@id":"https:\/\/www.ferienwohnungnerja.de\/sv\/sekretesspolicy\/#breadcrumb","itemListElement":[{"@type":"ListItem","position":1,"name":"Startseite","item":"https:\/\/www.ferienwohnungnerja.de\/sv\/"},{"@type":"ListItem","position":2,"name":"Sekretesspolicy"}]},{"@type":"WebSite","@id":"https:\/\/www.ferienwohnungnerja.de\/sv\/#website","url":"https:\/\/www.ferienwohnungnerja.de\/sv\/","name":"ferienwohnungnerja.de","description":"Ferienwohnungen in Nerja","publisher":{"@id":"https:\/\/www.ferienwohnungnerja.de\/sv\/#\/schema\/person\/16748c9dad4472e47ffa70599fb57c67"},"potentialAction":[{"@type":"SearchAction","target":{"@type":"EntryPoint","urlTemplate":"https:\/\/www.ferienwohnungnerja.de\/sv\/?s={search_term_string}"},"query-input":{"@type":"PropertyValueSpecification","valueRequired":true,"valueName":"search_term_string"}}],"inLanguage":"sv-SE"},{"@type":["Person","Organization"],"@id":"https:\/\/www.ferienwohnungnerja.de\/sv\/#\/schema\/person\/16748c9dad4472e47ffa70599fb57c67","name":"adminnerja","image":{"@type":"ImageObject","inLanguage":"sv-SE","@id":"https:\/\/www.ferienwohnungnerja.de\/sv\/#\/schema\/person\/image\/","url":"https:\/\/secure.gravatar.com\/avatar\/385c6b5598370fe7b91dd03c855835170a55d4467846df8e92d47236c59f2036?s=96&d=mm&r=g","contentUrl":"https:\/\/secure.gravatar.com\/avatar\/385c6b5598370fe7b91dd03c855835170a55d4467846df8e92d47236c59f2036?s=96&d=mm&r=g","caption":"adminnerja"},"logo":{"@id":"https:\/\/www.ferienwohnungnerja.de\/sv\/#\/schema\/person\/image\/"}}]}},"jetpack_sharing_enabled":true,"jetpack_shortlink":"https:\/\/wp.me\/PbaoeD-Aw","_links":{"self":[{"href":"https:\/\/www.ferienwohnungnerja.de\/sv\/wp-json\/wp\/v2\/pages\/2264","targetHints":{"allow":["GET"]}}],"collection":[{"href":"https:\/\/www.ferienwohnungnerja.de\/sv\/wp-json\/wp\/v2\/pages"}],"about":[{"href":"https:\/\/www.ferienwohnungnerja.de\/sv\/wp-json\/wp\/v2\/types\/page"}],"author":[{"embeddable":true,"href":"https:\/\/www.ferienwohnungnerja.de\/sv\/wp-json\/wp\/v2\/users\/1"}],"replies":[{"embeddable":true,"href":"https:\/\/www.ferienwohnungnerja.de\/sv\/wp-json\/wp\/v2\/comments?post=2264"}],"version-history":[{"count":2,"href":"https:\/\/www.ferienwohnungnerja.de\/sv\/wp-json\/wp\/v2\/pages\/2264\/revisions"}],"predecessor-version":[{"id":2270,"href":"https:\/\/www.ferienwohnungnerja.de\/sv\/wp-json\/wp\/v2\/pages\/2264\/revisions\/2270"}],"wp:attachment":[{"href":"https:\/\/www.ferienwohnungnerja.de\/sv\/wp-json\/wp\/v2\/media?parent=2264"}],"curies":[{"name":"wp","href":"https:\/\/api.w.org\/{rel}","templated":true}]}}